{"id":2,"date":"2019-03-19T15:46:52","date_gmt":"2019-03-19T15:46:52","guid":{"rendered":"https:\/\/geriontour.com\/?page_id=2"},"modified":"2019-03-19T15:46:52","modified_gmt":"2019-03-19T15:46:52","slug":"sample-page","status":"publish","type":"page","link":"https:\/\/geriontour.com\/fr\/sample-page\/","title":{"rendered":"Exemple de page"},"content":{"rendered":"<p>Il s'agit d'une page d'exemple. Elle est diff\u00e9rente d'un article de blog car elle reste au m\u00eame endroit et appara\u00eet dans la navigation de ton site (dans la plupart des th\u00e8mes). La plupart des gens commencent par une page \"\u00c0 propos\" qui les pr\u00e9sente aux visiteurs potentiels du site. Elle pourrait dire quelque chose comme ceci :<\/p>\n\n\n\n<blockquote class=\"wp-block-quote is-layout-flow wp-block-quote-is-layout-flow\"><p>Bonjour \u00e0 tous ! Je vis \u00e0 Los Angeles, j'ai un super chien qui s'appelle Jack, et j'aime les pi\u00f1a coladas. (Et me faire surprendre par la pluie.)<\/p><\/blockquote>\n\n\n\n<p>... ou quelque chose comme \u00e7a :<\/p>\n\n\n\n<blockquote class=\"wp-block-quote is-layout-flow wp-block-quote-is-layout-flow\"><p>La soci\u00e9t\u00e9 XYZ Doohickey a \u00e9t\u00e9 fond\u00e9e en 1971 et fournit depuis lors des doohickeys de qualit\u00e9 au public. Situ\u00e9e \u00e0 Gotham City, XYZ emploie plus de 2 000 personnes et fait toutes sortes de choses g\u00e9niales pour la communaut\u00e9 de Gotham.<\/p><\/blockquote>\n\n\n\n<p>En tant que nouvel utilisateur de WordPress, tu dois aller sur <a href=\"https:\/\/geriontour.com\/wp-admin\/\">ton tableau de bord<\/a> pour supprimer cette page et cr\u00e9er de nouvelles pages pour ton contenu. Amuse-toi bien !<\/p>","protected":false},"excerpt":{"rendered":"<p>This is an example page. It&#8217;s different from a blog post because it will stay in one place and will show up in your site navigation (in most themes). Most people start with an About page that introduces them to potential site visitors. It might say something like this: Hi there! I&#8217;m a bike messenger [&hellip;]<\/p>\n","protected":false},"author":1,"featured_media":0,"parent":0,"menu_order":0,"comment_status":"closed","ping_status":"open","template":"","meta":{"_seopress_robots_primary_cat":"","_seopress_titles_title":"","_seopress_titles_desc":"","_seopress_robots_index":"","_et_pb_use_builder":"","_et_pb_old_content":"","_et_gb_content_width":"","footnotes":""},"class_list":["post-2","page","type-page","status-publish","hentry"],"_links":{"self":[{"href":"https:\/\/geriontour.com\/fr\/wp-json\/wp\/v2\/pages\/2","targetHints":{"allow":["GET"]}}],"collection":[{"href":"https:\/\/geriontour.com\/fr\/wp-json\/wp\/v2\/pages"}],"about":[{"href":"https:\/\/geriontour.com\/fr\/wp-json\/wp\/v2\/types\/page"}],"author":[{"embeddable":true,"href":"https:\/\/geriontour.com\/fr\/wp-json\/wp\/v2\/users\/1"}],"replies":[{"embeddable":true,"href":"https:\/\/geriontour.com\/fr\/wp-json\/wp\/v2\/comments?post=2"}],"version-history":[{"count":0,"href":"https:\/\/geriontour.com\/fr\/wp-json\/wp\/v2\/pages\/2\/revisions"}],"wp:attachment":[{"href":"https:\/\/geriontour.com\/fr\/wp-json\/wp\/v2\/media?parent=2"}],"curies":[{"name":"wp","href":"https:\/\/api.w.org\/{rel}","templated":true}]}}