{"id":2,"date":"2019-03-19T15:46:52","date_gmt":"2019-03-19T15:46:52","guid":{"rendered":"https:\/\/geriontour.com\/?page_id=2"},"modified":"2019-03-19T15:46:52","modified_gmt":"2019-03-19T15:46:52","slug":"sample-page","status":"publish","type":"page","link":"https:\/\/geriontour.com\/it\/sample-page\/","title":{"rendered":"Pagina campione"},"content":{"rendered":"<p>Si tratta di una pagina di esempio, diversa da un post del blog perch\u00e9 rimarr\u00e0 in un unico posto e apparir\u00e0 nella navigazione del sito (nella maggior parte dei temi). La maggior parte delle persone inizia con una pagina About che li presenta ai potenziali visitatori del sito. Potrebbe dire qualcosa del genere:<\/p>\n\n\n\n<blockquote class=\"wp-block-quote is-layout-flow wp-block-quote-is-layout-flow\"><p>Ciao a tutti! Vivo a Los Angeles, ho un cane fantastico che si chiama Jack e mi piacciono le pi\u00f1a colada (e la pioggia).<\/p><\/blockquote>\n\n\n\n<p>...o qualcosa del genere:<\/p>\n\n\n\n<blockquote class=\"wp-block-quote is-layout-flow wp-block-quote-is-layout-flow\"><p>La XYZ Doohickey Company \u00e8 stata fondata nel 1971 e da allora fornisce al pubblico doohickey di qualit\u00e0. Situata a Gotham City, XYZ d\u00e0 lavoro a oltre 2.000 persone e fa un sacco di cose fantastiche per la comunit\u00e0 di Gotham.<\/p><\/blockquote>\n\n\n\n<p>Come nuovo utente di WordPress, devi andare su <a href=\"https:\/\/geriontour.com\/wp-admin\/\">il tuo cruscotto<\/a> per eliminare questa pagina e creare nuove pagine per i tuoi contenuti. Buon divertimento!<\/p>","protected":false},"excerpt":{"rendered":"<p>This is an example page. It&#8217;s different from a blog post because it will stay in one place and will show up in your site navigation (in most themes). Most people start with an About page that introduces them to potential site visitors. It might say something like this: Hi there! I&#8217;m a bike messenger [&hellip;]<\/p>\n","protected":false},"author":1,"featured_media":0,"parent":0,"menu_order":0,"comment_status":"closed","ping_status":"open","template":"","meta":{"_seopress_robots_primary_cat":"","_seopress_titles_title":"","_seopress_titles_desc":"","_seopress_robots_index":"","_et_pb_use_builder":"","_et_pb_old_content":"","_et_gb_content_width":"","footnotes":""},"class_list":["post-2","page","type-page","status-publish","hentry"],"_links":{"self":[{"href":"https:\/\/geriontour.com\/it\/wp-json\/wp\/v2\/pages\/2","targetHints":{"allow":["GET"]}}],"collection":[{"href":"https:\/\/geriontour.com\/it\/wp-json\/wp\/v2\/pages"}],"about":[{"href":"https:\/\/geriontour.com\/it\/wp-json\/wp\/v2\/types\/page"}],"author":[{"embeddable":true,"href":"https:\/\/geriontour.com\/it\/wp-json\/wp\/v2\/users\/1"}],"replies":[{"embeddable":true,"href":"https:\/\/geriontour.com\/it\/wp-json\/wp\/v2\/comments?post=2"}],"version-history":[{"count":0,"href":"https:\/\/geriontour.com\/it\/wp-json\/wp\/v2\/pages\/2\/revisions"}],"wp:attachment":[{"href":"https:\/\/geriontour.com\/it\/wp-json\/wp\/v2\/media?parent=2"}],"curies":[{"name":"wp","href":"https:\/\/api.w.org\/{rel}","templated":true}]}}